{"id":1470,"date":"2011-09-13T20:20:43","date_gmt":"2011-09-13T20:20:43","guid":{"rendered":"http:\/\/bernatriera.es\/conference-at-chamber-of-commerce\/"},"modified":"2011-09-13T20:20:43","modified_gmt":"2011-09-13T20:20:43","slug":"conference-at-chamber-of-commerce","status":"publish","type":"page","link":"http:\/\/bernatriera.es\/en\/conference-at-chamber-of-commerce\/","title":{"rendered":"Conference at Chamber of Commerce"},"content":{"rendered":"<p>&nbsp;<\/p>\n<h3 style=\"text-align: justify;\"><strong>Presentation to improve the performance in hotels using solar energy, both photovoltaic or thermal.<\/strong><\/h3>\n<p style=\"text-align: justify;\">Working in solar energy projects for some hotels in Mallorca I was invited to join to a conference about &#8220;How to compete with sustainable ways in Hotels and Spas&#8221; infront of 80 Hotel&#8217;s directors and managers, managed by Wellness &#8211; Spain at the Chamber of Commerce of Mallorca.<\/p>\n<p style=\"text-align: justify;\">This was my first conference and I was very glad about the experience.<\/p>\n<p style=\"text-align: justify;\"><strong>The next text is an extract from the Chamber of Commerce of Mallorca&#8217;s website some days after the conference:<\/strong><\/p>\n<p style=\"text-align: justify;\"><em>\u201c\u00c9xito de participaci\u00f3n en la Jornada sobre Wellness y Sostenibilidad.\u00a0<\/em><br \/>\n<em>Un gran n\u00famero de participantes particip\u00f3 en la jornada organizada por la C\u00e1mara y Wellness Spain el pasado 15 de enero de 2011, como antesala de la tercera edici\u00f3n del Curso online Spa Manager. Durante la sesi\u00f3n, un panel de expertos en la materia analizaron las claves para lograr gestionar, de forma competitiva y sostenible, los Spas en los hoteles.<\/em><\/p>\n<p style=\"text-align: justify;\"><em><strong>La jornada cont\u00f3 con la participaci\u00f3n de ponentes especializados en la materia: <span style=\"color: #000000;\">Bernat Riera<\/span> del Centro de Tecnolog\u00eda de Industria Balear, cuya ponencia se centr\u00f3 en la energ\u00eda solar en hoteles y Spas;<\/strong> Israel Ruiz Quintana de AFESE, que present\u00f3 las pr\u00e1cticas medioambientales en las piscinas; Celina \u00c1lvarez de Randagroup, explic\u00f3 los distintos certificados medioambientales y ecoetiquetas para implantar en los distintos establecimientos hoteleros. Por otra parte, el Director del Hotel Hospes Quilibra Aguas de Ibiza, Alberto Torres, centr\u00f3 su ponencia en los buenos ejemplos de sostenibilidad en los Spas de los Hoteles y en los nuevos modelos de competitividad.<\/em><\/p>\n<p style=\"text-align: justify;\"><em>A continuaci\u00f3n, el Director de Sostenibilidad de Sol Meli\u00e1, Federico Mart\u00ednez, present\u00f3 las pautas que se establecieron en su compa\u00f1ia para obtener el certificado de Compa\u00f1ia Hotelera de la Biosfera. Para finalizar, la directora de Wellness Spain Consulting &amp; Academy, Susan Long, destac\u00f3 la importancia del capital humano y la formaci\u00f3n profesional, pilares sostenibles del Spa.<\/em><\/p>\n<p style=\"text-align: justify;\"><em>Tras la jornada, el presidente de la C\u00e1mara de Comercio de Mallorca, Joan Gual de Torrella entreg\u00f3 los diplomas acreditativos a los alumnos de la primera edici\u00f3n del curso online de Spa Manager.<\/em><\/p>\n<p style=\"text-align: justify;\"><em><\/em><em>Durante la clausura, el presidente de la C\u00e1mara manifest\u00f3 que una de las finalidades de la C\u00e1mara es fomentar la profesionalidad y mejorar la cualificaci\u00f3n de los trabajadores de las empresas, en este caso, orientadas al turismo de Salud. Adem\u00e1s, destac\u00f3 la importancia de cumplir con los criter\u00edos de calidad necesarios en los establecimientos hoteleros y la importancia de formar mediante estos cursos a los futuros profesionales del sector.<\/em><\/p>\n<p style=\"text-align: justify;\"><em>Para finalizar, Gual invit\u00f3 a los asistentes a participar en la tercera edici\u00f3n del Curso online Spa Manager, que la C\u00e1mara de Comercio de Mallorca en colaboraci\u00f3n con la Wellness Spain Consulting &amp; Academy ponen en marcha el 1 de marzo de 2011.<\/em>\u201d<\/p>\n<p style=\"text-align: center;\"><iframe loading=\"lazy\" src=\"http:\/\/www.youtube.com\/embed\/HlnzzS5ZyOw?hl=es&amp;fs=1\" frameborder=\"0\" align=\"center\" width=\"425\" height=\"349\"><\/iframe><\/p>\n","protected":false},"excerpt":{"rendered":"<p>&nbsp; Presentation to improve the performance in hotels using solar energy, both photovoltaic or thermal. Working in solar energy projects for some hotels in Mallorca I was invited to join to a conference about &#8220;How to compete with sustainable ways in Hotels and Spas&#8221; infront of 80 Hotel&#8217;s directors and managers, managed by Wellness &#8211;&nbsp;<a href=\"http:\/\/bernatriera.es\/en\/conference-at-chamber-of-commerce\/\" class=\"read-more\">Continue Reading<\/a><\/p>\n","protected":false},"author":1,"featured_media":0,"parent":0,"menu_order":0,"comment_status":"closed","ping_status":"closed","template":"","meta":{"ngg_post_thumbnail":0,"footnotes":""},"class_list":["post-1470","page","type-page","status-publish","hentry"],"aioseo_notices":[],"_links":{"self":[{"href":"http:\/\/bernatriera.es\/en\/wp-json\/wp\/v2\/pages\/1470","targetHints":{"allow":["GET"]}}],"collection":[{"href":"http:\/\/bernatriera.es\/en\/wp-json\/wp\/v2\/pages"}],"about":[{"href":"http:\/\/bernatriera.es\/en\/wp-json\/wp\/v2\/types\/page"}],"author":[{"embeddable":true,"href":"http:\/\/bernatriera.es\/en\/wp-json\/wp\/v2\/users\/1"}],"replies":[{"embeddable":true,"href":"http:\/\/bernatriera.es\/en\/wp-json\/wp\/v2\/comments?post=1470"}],"version-history":[{"count":0,"href":"http:\/\/bernatriera.es\/en\/wp-json\/wp\/v2\/pages\/1470\/revisions"}],"wp:attachment":[{"href":"http:\/\/bernatriera.es\/en\/wp-json\/wp\/v2\/media?parent=1470"}],"curies":[{"name":"wp","href":"https:\/\/api.w.org\/{rel}","templated":true}]}}