{"id":1558,"date":"2011-09-13T20:33:28","date_gmt":"2011-09-13T20:33:28","guid":{"rendered":"http:\/\/bernatriera.es\/?page_id=1558"},"modified":"2016-08-08T22:39:50","modified_gmt":"2016-08-08T22:39:50","slug":"deportemallorca-es","status":"publish","type":"page","link":"http:\/\/bernatriera.es\/en\/deportemallorca-es\/","title":{"rendered":"deportemallorca.es"},"content":{"rendered":"<h2 style=\"text-align: justify;\">\u00a0Mallorca\u00a0Sports\u00a0Website:\u00a0deportemallorca.es<\/h2>\n<p style=\"text-align: justify;\">After many\u00a0years of organizing\u00a0and playing\u00a0football or\u00a0paddle matches,\u00a0we realized\u00a0how difficult it sometimes\u00a0is\u00a0to find\u00a0enough\u00a0players\u00a0for it,\u00a0or\u00a0simply\u00a0want to play\u00a0with different people\u00a0in order to\u00a0improve your\u00a0level\u00a0either in Paddle, Football 7, Basket,\u00a0Tennis, etc.<\/p>\n<p style=\"text-align: justify;\">For this reason\u00a0I thought of\u00a0developing\u00a0a web site\u00a0where you\u00a0solve\u00a0this problem, a social network for Majorcan sportment\u00a0to facilitate the meeting\u00a0of players and\u00a0the organization\u00a0of matches.\u00a0Also take advantage\u00a0of Mallorca, where we all\u00a0know and\u00a0we are a community, and if\u00a0not,\u00a0why not\u00a0see it as\u00a0a good way to\u00a0meet new people.\u00a0I launched the\u00a0site\u00a0on\u00a0July 1, 2011.<\/p>\n<p style=\"text-align: justify;\">One page\u00a0is a\u00a0common\u00a0facebook\u00a0wall\u00a0where\u00a0you don&#8217;t need to register!\u00a0(use your facebook or messenger\u00a0account,\u00a0and start\u00a0posting:\u00a0&#8220;I need\u00a0one for\u00a0a basketball game tomorrow!&#8221;, &#8220;We want to play\u00a0against\u00a0a new couple to\u00a0paddle,&#8221; &#8220;We are 7 for\u00a0a football game, any team\u00a0dare us&#8221;.\u00a0When your\u00a0post\u00a0receives\u00a0any comments,\u00a0you receive\u00a0a notification on\u00a0your facebook.<\/p>\n<p style=\"text-align: justify;\">To make the\u00a0website\u00a0search engine ranked appearing in the first results\u00a0have\u00a0carried out aspecific development\u00a0with\u00a0<strong>SEO\u00a0<\/strong>techniques\u00a0(Search\u00a0Engine\u00a0Optimization)\u00a0service\u00a0along with some\u00a0sport club\u00a0directories and their location\u00a0on a map\u00a0integrated\u00a0to generate\u00a0more traffic.\u00a0It also has\u00a0an online retailer of\u00a0leading brands and to give to everybody what they need to do sports.\u00a0What do you need\u00a0to play sports?<\/p>\n<h4><span class=\"Apple-style-span\" style=\"color: #000000; font-size: 22px; line-height: 32px;\"><strong>Home Page version 1 (01\/06\/11):<\/strong><\/span><\/h4>\n<p style=\"text-align: center;\"><span class=\"Apple-style-span\" style=\"color: #000000; font-size: 22px; line-height: 32px;\"><strong><img loading=\"lazy\" decoding=\"async\" class=\"size-full wp-image-378 aligncenter\" title=\"deportemallorca version 1 \" src=\"http:\/\/bernatriera.es\/wp-content\/uploads\/2011\/09\/deportemallorca_block1.png\" alt=\"P\u00e1gina web deportiva para jugadores mallorquines\" width=\"370\" height=\"320\" srcset=\"http:\/\/bernatriera.es\/wp-content\/uploads\/2011\/09\/deportemallorca_block1.png 700w, http:\/\/bernatriera.es\/wp-content\/uploads\/2011\/09\/deportemallorca_block1-300x259.png 300w\" sizes=\"auto, (max-width: 370px) 100vw, 370px\" \/><\/strong><\/span><\/p>\n<hr \/>\n<h4><span class=\"Apple-style-span\" style=\"color: #000000; font-size: 22px; line-height: 32px;\"><strong>Home Page version 2 (17\/01\/12):<\/strong><\/span><\/h4>\n<p style=\"text-align: center;\"><img loading=\"lazy\" decoding=\"async\" class=\"size-full wp-image-787 aligncenter\" title=\"deportemallorca v2 website\" src=\"http:\/\/bernatriera.es\/wp-content\/uploads\/2011\/09\/deportemallorca-v2-website.png\" alt=\"Red social deportiva, reserva de pistas online, padel, golf, futbol, tenis, piscinas municipales y bicicleta\" width=\"800\" height=\"455\" srcset=\"http:\/\/bernatriera.es\/wp-content\/uploads\/2011\/09\/deportemallorca-v2-website.png 800w, http:\/\/bernatriera.es\/wp-content\/uploads\/2011\/09\/deportemallorca-v2-website-300x170.png 300w\" sizes=\"auto, (max-width: 800px) 100vw, 800px\" \/><\/p>\n<p style=\"text-align: justify;\">Version 2.0 of deportemallorca.es was always thinking about improvements for end users, sport persons in Mallorca, we redesigned the entire site for a more clear, simple and clean image, so that even is easy to use also in all smartphones (menu in a graphical display).<\/p>\n<p style=\"text-align: justify;\">Also worked to be better positioned on Google, making some substantial improvements as the charging time, an important factor that may cause some users to leave even before it opens. Improve the response time from 3.5 seconds to 0.689 seconds.<\/p>\n<p style=\"text-align: justify;\">On this second version of the tools increased, presenting an online booking system for tennis and paddle &#8211; tennis for de Club de p\u00e1del patronato, Club de p\u00e1del KaPalma, Club deportivo UDYR, y P\u00e1del Son Valent\u00ed. And with the intention of having more clubs associated with every month. And more sports as football courts, basket pitches, Golf courses, etc.<\/p>\n<p style=\"text-align: justify;\">\n","protected":false},"excerpt":{"rendered":"<p>\u00a0Mallorca\u00a0Sports\u00a0Website:\u00a0deportemallorca.es After many\u00a0years of organizing\u00a0and playing\u00a0football or\u00a0paddle matches,\u00a0we realized\u00a0how difficult it sometimes\u00a0is\u00a0to find\u00a0enough\u00a0players\u00a0for it,\u00a0or\u00a0simply\u00a0want to play\u00a0with different people\u00a0in order to\u00a0improve your\u00a0level\u00a0either in Paddle, Football 7, Basket,\u00a0Tennis, etc. For this reason\u00a0I thought of\u00a0developing\u00a0a web site\u00a0where you\u00a0solve\u00a0this problem, a social network for Majorcan sportment\u00a0to facilitate the meeting\u00a0of players and\u00a0the organization\u00a0of matches.\u00a0Also take advantage\u00a0of Mallorca, where we all\u00a0know&nbsp;<a href=\"http:\/\/bernatriera.es\/en\/deportemallorca-es\/\" class=\"read-more\">Continue Reading<\/a><\/p>\n","protected":false},"author":1,"featured_media":0,"parent":0,"menu_order":0,"comment_status":"closed","ping_status":"closed","template":"","meta":{"ngg_post_thumbnail":0,"footnotes":""},"class_list":["post-1558","page","type-page","status-publish","hentry"],"aioseo_notices":[],"_links":{"self":[{"href":"http:\/\/bernatriera.es\/en\/wp-json\/wp\/v2\/pages\/1558","targetHints":{"allow":["GET"]}}],"collection":[{"href":"http:\/\/bernatriera.es\/en\/wp-json\/wp\/v2\/pages"}],"about":[{"href":"http:\/\/bernatriera.es\/en\/wp-json\/wp\/v2\/types\/page"}],"author":[{"embeddable":true,"href":"http:\/\/bernatriera.es\/en\/wp-json\/wp\/v2\/users\/1"}],"replies":[{"embeddable":true,"href":"http:\/\/bernatriera.es\/en\/wp-json\/wp\/v2\/comments?post=1558"}],"version-history":[{"count":4,"href":"http:\/\/bernatriera.es\/en\/wp-json\/wp\/v2\/pages\/1558\/revisions"}],"predecessor-version":[{"id":2863,"href":"http:\/\/bernatriera.es\/en\/wp-json\/wp\/v2\/pages\/1558\/revisions\/2863"}],"wp:attachment":[{"href":"http:\/\/bernatriera.es\/en\/wp-json\/wp\/v2\/media?parent=1558"}],"curies":[{"name":"wp","href":"https:\/\/api.w.org\/{rel}","templated":true}]}}